{"id":3890,"date":"2024-03-06T04:53:31","date_gmt":"2024-03-06T04:53:31","guid":{"rendered":"https:\/\/wpdemo.archiwp.com\/theratio-dark\/?page_id=3890"},"modified":"2025-03-29T17:08:02","modified_gmt":"2025-03-29T14:08:02","slug":"home-one-page","status":"publish","type":"page","link":"https:\/\/dualteknikyapi.com\/en\/","title":{"rendered":"Home One Page"},"content":{"rendered":"<div data-elementor-type=\"wp-page\" data-elementor-id=\"3890\" class=\"elementor elementor-3890\" data-elementor-post-type=\"page\">\n\t\t\t\t\t\t<section class=\"elementor-section elementor-top-section elementor-element elementor-element-5709bdd elementor-section-full_width elementor-section-height-full elementor-section-content-middle elementor-section-height-default elementor-section-items-middle\" data-id=\"5709bdd\" data-element_type=\"section\" id=\"home\" data-settings=\"{&quot;background_background&quot;:&quot;slideshow&quot;,&quot;background_slideshow_slide_duration&quot;:8000,&quot;background_slideshow_gallery&quot;:[],&quot;background_slideshow_loop&quot;:&quot;yes&quot;,&quot;background_slideshow_slide_transition&quot;:&quot;fade&quot;,&quot;background_slideshow_transition_duration&quot;:500}\">\n\t\t\t\t\t\t\t<div class=\"elementor-background-overlay\"><\/div>\n\t\t\t\t\t\t\t<div class=\"elementor-container elementor-column-gap-default\">\n\t\t\t\t\t<div class=\"elementor-column elementor-col-100 elementor-top-column elementor-element elementor-element-c8efa1b ot-column-items-top ot-flex-column-vertical\" data-id=\"c8efa1b\" data-element_type=\"column\">\n\t\t\t<div class=\"elementor-widget-wrap elementor-element-populated\">\n\t\t\t\t\t\t<div class=\"elementor-element elementor-element-def1854 elementor-widget elementor-widget-slider_revolution\" data-id=\"def1854\" data-element_type=\"widget\" data-widget_type=\"slider_revolution.default\">\n\t\t\t\t<div class=\"elementor-widget-container\">\n\t\t\t\t\t\n\t\t<div class=\"wp-block-themepunch-revslider\">\n\t\t\t\t<p class=\"rs-p-wp-fix\"><\/p>\n\t\t\t\t<sr7-module data-alias=\"home-1-1\" data-id=\"5\" id=\"SR7_5_1\" class=\"rs-ov-hidden\" data-version=\"6.7.31\">\n\t\t\t\t\t<sr7-adjuster><\/sr7-adjuster>\n\t\t\t\t\t<sr7-content>\n\t\t\t\t\t\t<sr7-slide id=\"SR7_5_1-22\" data-key=\"22\">\n\t\t\t\t\t\t\t<sr7-bg id=\"SR7_5_1-22-1\" class=\"sr7-layer\"><noscript><img decoding=\"async\" src=\"https:\/\/dualteknikyapi.com\/wp-content\/uploads\/2025\/03\/slider-05-1.jpg\" alt=\"\" title=\"slider-05\"><\/noscript><\/sr7-bg>\n\t\t\t\t\t\t<\/sr7-slide>\n\t\t\t\t\t\t<sr7-slide id=\"SR7_5_1-19\" data-key=\"19\">\n\t\t\t\t\t\t\t<sr7-bg id=\"SR7_5_1-19-7\" class=\"sr7-layer\"><noscript><img decoding=\"async\" src=\"https:\/\/dualteknikyapi.com\/wp-content\/uploads\/2025\/03\/bg-10.jpg\" alt=\"\" title=\"bg-10\"><\/noscript><\/sr7-bg>\n\t\t\t\t\t\t\t<sr7-txt id=\"SR7_5_1-19-6\" class=\"sr7-layer\">From Generations to the Future, With Firm Steps<\/sr7-txt>\n\t\t\t\t\t\t<\/sr7-slide>\n\t\t\t\t\t\t<sr7-slide id=\"SR7_5_1-21\" data-key=\"21\">\n\t\t\t\t\t\t\t<sr7-bg id=\"SR7_5_1-21-3\" class=\"sr7-layer\"><noscript><img decoding=\"async\" src=\"https:\/\/dualteknikyapi.com\/wp-content\/uploads\/2025\/03\/slider-04-2.jpg\" alt=\"\" title=\"slider-04\"><\/noscript><\/sr7-bg>\n\t\t\t\t\t\t\t<sr7-txt id=\"SR7_5_1-21-1\" class=\"sr7-layer\">We are building the future together.<\/sr7-txt>\n\t\t\t\t\t\t<\/sr7-slide>\n\t\t\t\t\t\t<sr7-slide id=\"SR7_5_1-23\" data-key=\"23\">\n\t\t\t\t\t\t\t<sr7-bg id=\"SR7_5_1-23-1\" class=\"sr7-layer\"><noscript><img decoding=\"async\" src=\"https:\/\/dualteknikyapi.com\/wp-content\/uploads\/2025\/03\/slider-01-2.jpg\" alt=\"\" title=\"slider-01\"><\/noscript><\/sr7-bg>\n\t\t\t\t\t\t<\/sr7-slide>\n\t\t\t\t\t\t<sr7-slide id=\"SR7_5_1-20\" data-key=\"20\">\n\t\t\t\t\t\t<\/sr7-slide>\n\t\t\t\t\t<\/sr7-content>\n\t\t\t\t\t<image_lists style=\"display:none\">\n\t\t\t\t\t\t<img data-src=\"\/\/dualteknikyapi.com\/wp-content\/uploads\/2025\/03\/bg-13.jpg\" data-libid=\"4247\" data-lib=\"medialibrary\" title=\"bg-13\" width=\"0\" height=\"0\" data-dbsrc=\"Ly9kdWFsdGVrbmlreWFwaS5jb20vd3AtY29udGVudC91cGxvYWRzLzIwMjUvMDMvYmctMTMuanBn\"\/>\n\t\t\t\t\t\t<img data-src=\"\/\/dualteknikyapi.com\/wp-content\/uploads\/2025\/03\/slider-02-2.jpg\" data-libid=\"4126\" data-lib=\"medialibrary\" title=\"slider-02\" width=\"0\" height=\"0\" data-dbsrc=\"Ly9kdWFsdGVrbmlreWFwaS5jb20vd3AtY29udGVudC91cGxvYWRzLzIwMjUvMDMvc2xpZGVyLTAyLTIuanBn\"\/>\n\t\t\t\t\t\t<img data-src=\"\/\/dualteknikyapi.com\/wp-content\/uploads\/2025\/03\/bg-10.jpg\" data-libid=\"4244\" data-lib=\"medialibrary\" title=\"bg-10\" width=\"0\" height=\"0\" data-dbsrc=\"Ly9kdWFsdGVrbmlreWFwaS5jb20vd3AtY29udGVudC91cGxvYWRzLzIwMjUvMDMvYmctMTAuanBn\"\/>\n\t\t\t\t\t\t<img loading=\"lazy\" data-src=\"\/\/dualteknikyapi.com\/wp-content\/uploads\/2025\/03\/logo-black.png\" data-libid=\"4058\" data-lib=\"medialibrary\" title=\"logo-black\" width=\"0\" height=\"0\" data-dbsrc=\"Ly9kdWFsdGVrbmlreWFwaS5jb20vd3AtY29udGVudC91cGxvYWRzLzIwMjUvMDMvbG9nby1ibGFjay5wbmc=\"\/>\n\t\t\t\t\t\t<img loading=\"lazy\" data-src=\"\/\/dualteknikyapi.com\/wp-content\/uploads\/2025\/03\/slider-04-2.jpg\" data-libid=\"4130\" data-lib=\"medialibrary\" title=\"slider-04\" width=\"0\" height=\"0\" data-dbsrc=\"Ly9kdWFsdGVrbmlreWFwaS5jb20vd3AtY29udGVudC91cGxvYWRzLzIwMjUvMDMvc2xpZGVyLTA0LTIuanBn\"\/>\n\t\t\t\t\t\t<img loading=\"lazy\" data-src=\"\/\/dualteknikyapi.com\/wp-content\/uploads\/2025\/03\/slider-05-1.jpg\" data-libid=\"4071\" data-lib=\"medialibrary\" title=\"slider-05\" width=\"0\" height=\"0\" data-dbsrc=\"Ly9kdWFsdGVrbmlreWFwaS5jb20vd3AtY29udGVudC91cGxvYWRzLzIwMjUvMDMvc2xpZGVyLTA1LTEuanBn\"\/>\n\t\t\t\t\t\t<img loading=\"lazy\" data-src=\"\/\/dualteknikyapi.com\/wp-content\/uploads\/2025\/03\/slider-01-2.jpg\" data-libid=\"4123\" data-lib=\"medialibrary\" title=\"slider-01\" width=\"0\" height=\"0\" data-dbsrc=\"Ly9kdWFsdGVrbmlreWFwaS5jb20vd3AtY29udGVudC91cGxvYWRzLzIwMjUvMDMvc2xpZGVyLTAxLTIuanBn\"\/>\n\t\t\t\t\t<\/image_lists>\n\t\t\t\t<\/sr7-module>\n\t\t\t\t<script>\n\t\t\t\t\tSR7.PMH ??={}; SR7.PMH[\"SR7_5_1\"] = {cn:100,state:false,fn: function() { if (_tpt!==undefined && _tpt.prepareModuleHeight !== undefined) {  _tpt.prepareModuleHeight({id:\"SR7_5_1\",el:[950,950,600,630,380],type:'standard',shdw:'0',gh:[950,950,811,616,380],gw:[1200,1200,1024,778,480],vpt:['-100px'],size:{fullWidth:true, fullHeight:true},fho:',0px',mh:'0',onh:0,onw:0,bg:{color:'{\"orig\":\"transparent\",\"type\":\"solid\",\"string\":\"transparent\"}'}});   SR7.PMH[\"SR7_5_1\"].state=true;} else if(SR7.PMH[\"SR7_5_1\"].cn-->0)\tsetTimeout( SR7.PMH[\"SR7_5_1\"].fn,19);}};SR7.PMH[\"SR7_5_1\" ].fn();\n\t\t\t\t<\/script>\n<\/div>\n\n\t\t\t\t\t\t<\/div>\n\t\t\t\t<\/div>\n\t\t\t\t\t<\/div>\n\t\t<\/div>\n\t\t\t\t\t<\/div>\n\t\t<\/section>\n\t\t\t\t<section class=\"elementor-section elementor-top-section elementor-element elementor-element-96424d2 elementor-section-content-middle elementor-section-boxed elementor-section-height-default elementor-section-height-default\" data-id=\"96424d2\" data-element_type=\"section\" id=\"kurumsal\" data-settings=\"{&quot;background_background&quot;:&quot;classic&quot;}\">\n\t\t\t\t\t\t<div class=\"elementor-container elementor-column-gap-extended\">\n\t\t\t\t\t<div class=\"elementor-column elementor-col-50 elementor-top-column elementor-element elementor-element-61c9c7f ot-flex-column-vertical\" data-id=\"61c9c7f\" data-element_type=\"column\" data-settings=\"{&quot;background_background&quot;:&quot;classic&quot;}\">\n\t\t\t<div class=\"elementor-widget-wrap elementor-element-populated\">\n\t\t\t\t\t\t<div class=\"elementor-element elementor-element-ea23c23 elementor-widget elementor-widget-image\" data-id=\"ea23c23\" data-element_type=\"widget\" data-widget_type=\"image.default\">\n\t\t\t\t<div class=\"elementor-widget-container\">\n\t\t\t\t\t\t\t\t\t\t\t\t\t\t\t<img decoding=\"async\" src=\"https:\/\/dualteknikyapi.com\/wp-content\/uploads\/elementor\/thumbs\/logo-black-r3fcolv6iaccob99kvmkv223lpth3zb3w8xpyzmjxa.png\" title=\"logo-black\" alt=\"logo-black\" loading=\"lazy\" \/>\t\t\t\t\t\t\t\t\t\t\t\t\t\t\t<\/div>\n\t\t\t\t<\/div>\n\t\t\t\t\t<\/div>\n\t\t<\/div>\n\t\t\t\t<div class=\"elementor-column elementor-col-50 elementor-top-column elementor-element elementor-element-3d1edd6 ot-flex-column-vertical\" data-id=\"3d1edd6\" data-element_type=\"column\">\n\t\t\t<div class=\"elementor-widget-wrap elementor-element-populated\">\n\t\t\t\t\t\t<div class=\"elementor-element elementor-element-a542b0e elementor-widget elementor-widget-iheading\" data-id=\"a542b0e\" data-element_type=\"widget\" data-widget_type=\"iheading.default\">\n\t\t\t\t<div class=\"elementor-widget-container\">\n\t\t\t\t\t\t\t<div class=\"ot-heading\">\n\t        \t        <h2 class=\"main-heading\">Corporate<\/h2>\t    <\/div>\n\t    \t\t\t\t<\/div>\n\t\t\t\t<\/div>\n\t\t\t\t<div class=\"elementor-element elementor-element-385e4d4 elementor-widget elementor-widget-text-editor\" data-id=\"385e4d4\" data-element_type=\"widget\" data-widget_type=\"text-editor.default\">\n\t\t\t\t<div class=\"elementor-widget-container\">\n\t\t\t\t\t\t\t\t\t<p>\u00a0 \u00a0 \u00a0Dual Yap\u0131 is a contracting company that combines its experience from a deep-rooted past with a modern construction approach. Our founders, as the third generation representatives of a family that has been operating in the field of contracting and construction since 1934, we aim to carry the knowledge, experience and culture of nearly a century in the sector to the future.<\/p><p>\u00a0 \u00a0 \u00a0Our company aims to provide solutions to Turkey's primary housing, infrastructure and superstructure needs and has adopted the principle of building livable and sustainable structures with a human-centered design approach.<\/p><p>\u00a0 \u00a0 \u00a0In our work shaped by the principles of trust, quality and innovation, our main focus is to build structures that prioritize the needs of our customers, meet the requirements of modern life and contribute to society.<\/p><p>\u00a0<\/p>\t\t\t\t\t\t\t\t<\/div>\n\t\t\t\t<\/div>\n\t\t\t\t\t<\/div>\n\t\t<\/div>\n\t\t\t\t\t<\/div>\n\t\t<\/section>\n\t\t\t\t<section class=\"elementor-section elementor-top-section elementor-element elementor-element-92ecb47 elementor-section-boxed elementor-section-height-default elementor-section-height-default\" data-id=\"92ecb47\" data-element_type=\"section\" id=\"hizmetler\" data-settings=\"{&quot;background_background&quot;:&quot;classic&quot;}\">\n\t\t\t\t\t\t<div class=\"elementor-container elementor-column-gap-default\">\n\t\t\t\t\t<div class=\"elementor-column elementor-col-100 elementor-top-column elementor-element elementor-element-036c467 ot-flex-column-vertical\" data-id=\"036c467\" data-element_type=\"column\">\n\t\t\t<div class=\"elementor-widget-wrap elementor-element-populated\">\n\t\t\t\t\t\t<div class=\"elementor-element elementor-element-b2f4731 theratio-align-center elementor-widget elementor-widget-iheading\" data-id=\"b2f4731\" data-element_type=\"widget\" data-widget_type=\"iheading.default\">\n\t\t\t\t<div class=\"elementor-widget-container\">\n\t\t\t\t\t\t\t<div class=\"ot-heading is-dots\">\n\t        \t        <h2 class=\"main-heading\">SERVICES<\/h2>\t    <\/div>\n\t    \t\t\t\t<\/div>\n\t\t\t\t<\/div>\n\t\t\t\t<section class=\"elementor-section elementor-inner-section elementor-element elementor-element-291cbaf elementor-section-full_width elementor-section-height-default elementor-section-height-default\" data-id=\"291cbaf\" data-element_type=\"section\">\n\t\t\t\t\t\t<div class=\"elementor-container elementor-column-gap-extended\">\n\t\t\t\t\t<div class=\"elementor-column elementor-col-33 elementor-inner-column elementor-element elementor-element-5301d25 ot-flex-column-vertical\" data-id=\"5301d25\" data-element_type=\"column\">\n\t\t\t<div class=\"elementor-widget-wrap elementor-element-populated\">\n\t\t\t\t\t\t<div class=\"elementor-element elementor-element-516a805 elementor-widget elementor-widget-iiconbox1\" data-id=\"516a805\" data-element_type=\"widget\" data-widget_type=\"iiconbox1.default\">\n\t\t\t\t<div class=\"elementor-widget-container\">\n\t\t\t\t\t\t\t<div class=\"icon-box icon-box--bg-img icon-box--icon-top icon-box--is-line-hover\">\n\t\t\t<div class=\"icon-main\">\n\t\t        \t\t\t    <img loading=\"lazy\" decoding=\"async\" width=\"74\" height=\"84\" src=\"https:\/\/dualteknikyapi.com\/wp-content\/uploads\/2020\/07\/iconbox1.2.png\" class=\"attachment-full size-full wp-image-3274\" alt=\"\" \/>\t\t        \t        <\/div>\n\t        <div class=\"content-box\">\n\t\t        <h5 class=\"icon-box-title\"><a href=\"#\" target=\"_blank\">Residential Projects<\/a><\/h5>\t\t        <p>Residence Projects,<br> Villas and Detached Houses,<br> Earthquake Resistant Designs<br><br><br><br><br><\/p>\n\t\t\t<\/div>\n\t\t\t\t\n\t    <\/div>\n\t    \t\t\t\t<\/div>\n\t\t\t\t<\/div>\n\t\t\t\t\t<\/div>\n\t\t<\/div>\n\t\t\t\t<div class=\"elementor-column elementor-col-33 elementor-inner-column elementor-element elementor-element-d790a3a ot-flex-column-vertical\" data-id=\"d790a3a\" data-element_type=\"column\">\n\t\t\t<div class=\"elementor-widget-wrap elementor-element-populated\">\n\t\t\t\t\t\t<div class=\"elementor-element elementor-element-eeacfcd elementor-widget elementor-widget-iiconbox1\" data-id=\"eeacfcd\" data-element_type=\"widget\" data-widget_type=\"iiconbox1.default\">\n\t\t\t\t<div class=\"elementor-widget-container\">\n\t\t\t\t\t\t\t<div class=\"icon-box icon-box--bg-img icon-box--icon-top icon-box--is-line-hover\">\n\t\t\t<div class=\"icon-main\">\n\t\t        \t\t\t    <img loading=\"lazy\" decoding=\"async\" width=\"81\" height=\"70\" src=\"https:\/\/dualteknikyapi.com\/wp-content\/uploads\/2020\/07\/iconbox2.png\" class=\"attachment-full size-full wp-image-3275\" alt=\"\" \/>\t\t        \t        <\/div>\n\t        <div class=\"content-box\">\n\t\t        <h5 class=\"icon-box-title\"><a href=\"#\">Infrastructure Solutions<\/a><\/h5>\t\t        <p>High Speed \u200b\u200bTrain Lines,<br> Metro and Tram Lines,<br> Special Industrial Areas for Factories and Production Facilities, <br>Renewable Energy Infrastructures<br><br><br><\/p>\n\t\t\t<\/div>\n\t\t\t\t\n\t    <\/div>\n\t    \t\t\t\t<\/div>\n\t\t\t\t<\/div>\n\t\t\t\t\t<\/div>\n\t\t<\/div>\n\t\t\t\t<div class=\"elementor-column elementor-col-33 elementor-inner-column elementor-element elementor-element-b448c71 ot-flex-column-vertical\" data-id=\"b448c71\" data-element_type=\"column\">\n\t\t\t<div class=\"elementor-widget-wrap elementor-element-populated\">\n\t\t\t\t\t\t<div class=\"elementor-element elementor-element-9ae1738 elementor-widget elementor-widget-iiconbox1\" data-id=\"9ae1738\" data-element_type=\"widget\" data-widget_type=\"iiconbox1.default\">\n\t\t\t\t<div class=\"elementor-widget-container\">\n\t\t\t\t\t\t\t<div class=\"icon-box icon-box--bg-img icon-box--icon-top icon-box--is-line-hover\">\n\t\t\t<div class=\"icon-main\">\n\t\t        \t\t\t    <img loading=\"lazy\" decoding=\"async\" width=\"72\" height=\"80\" src=\"https:\/\/dualteknikyapi.com\/wp-content\/uploads\/2020\/07\/iconbox3.png\" class=\"attachment-full size-full wp-image-3276\" alt=\"\" \/>\t\t        \t        <\/div>\n\t        <div class=\"content-box\">\n\t\t        <h5 class=\"icon-box-title\"><a href=\"#\">Superstructure Solutions<\/a><\/h5>\t\t        <p>Structures that complement transportation networks, <br>Renewal of Risky Buildings with Urban Transformation Projects, <br>Mass Housing Projects Equipped with Smart Building and Green Building Technologies<\/p>\n\t\t\t<\/div>\n\t\t\t\t\n\t    <\/div>\n\t    \t\t\t\t<\/div>\n\t\t\t\t<\/div>\n\t\t\t\t\t<\/div>\n\t\t<\/div>\n\t\t\t\t\t<\/div>\n\t\t<\/section>\n\t\t\t\t\t<\/div>\n\t\t<\/div>\n\t\t\t\t\t<\/div>\n\t\t<\/section>\n\t\t\t\t<section class=\"elementor-section elementor-top-section elementor-element elementor-element-560ff73 elementor-section-full_width elementor-section-height-default elementor-section-height-default\" data-id=\"560ff73\" data-element_type=\"section\" id=\"projeler\" data-settings=\"{&quot;background_background&quot;:&quot;classic&quot;}\">\n\t\t\t\t\t\t<div class=\"elementor-container elementor-column-gap-default\">\n\t\t\t\t\t<div class=\"elementor-column elementor-col-100 elementor-top-column elementor-element elementor-element-c132184 ot-flex-column-vertical\" data-id=\"c132184\" data-element_type=\"column\">\n\t\t\t<div class=\"elementor-widget-wrap elementor-element-populated\">\n\t\t\t\t\t\t<div class=\"elementor-element elementor-element-53cf298 theratio-align-center elementor-widget elementor-widget-iheading\" data-id=\"53cf298\" data-element_type=\"widget\" data-widget_type=\"iheading.default\">\n\t\t\t\t<div class=\"elementor-widget-container\">\n\t\t\t\t\t\t\t<div class=\"ot-heading is-dots\">\n\t        \t        <h2 class=\"main-heading\">PROJECTS<\/h2>\t    <\/div>\n\t    \t\t\t\t<\/div>\n\t\t\t\t<\/div>\n\t\t\t\t<div class=\"elementor-element elementor-element-d272fe8 elementor-widget elementor-widget-ipfilter\" data-id=\"d272fe8\" data-element_type=\"widget\" data-widget_type=\"ipfilter.default\">\n\t\t\t\t<div class=\"elementor-widget-container\">\n\t\t\t\t\t\n\t\t<div class=\"project-filter-wrapper\">\n\n\t\t\t\t\t<div class=\"container\">\n\t\t\t\t<ul class=\"project_filters\">\n\n\t\t\t\t\n\t\t\t\t\t\t\t\t\t\t<li>\n\t\t\t\t\t\t\t<a href=\"#\" data-filter=\".category-14\">\n\t\t\t\t\t\t\t\tOngoing Projects\t\t\t\t\t\t\t<\/a>\n\t\t\t\t\t\t<\/li>\n\t\t\t\t\t\t\t\t\t\t\t<li>\n\t\t\t\t\t\t\t<a href=\"#\" data-filter=\".category-16\">\n\t\t\t\t\t\t\t\tCompleted Projects\t\t\t\t\t\t\t<\/a>\n\t\t\t\t\t\t<\/li>\n\t\t\t\t\t\n\t\t\t\t<\/ul>\n\t\t\t<\/div>\n\t\t\n\t\t\n\t\t<div class=\"projects-grid\">\n\n\t\t\n\t\t<\/div>\n\t\t<\/div>\n\t\t\t\t\t<\/div>\n\t\t\t\t<\/div>\n\t\t\t\t\t<\/div>\n\t\t<\/div>\n\t\t\t\t\t<\/div>\n\t\t<\/section>\n\t\t\t\t<section class=\"elementor-section elementor-top-section elementor-element elementor-element-6b2698b elementor-section-content-middle elementor-section-boxed elementor-section-height-default elementor-section-height-default\" data-id=\"6b2698b\" data-element_type=\"section\" id=\"iletisim\">\n\t\t\t\t\t\t<div class=\"elementor-container elementor-column-gap-extended\">\n\t\t\t\t\t<div class=\"elementor-column elementor-col-100 elementor-top-column elementor-element elementor-element-628bf7b ot-flex-column-vertical\" data-id=\"628bf7b\" data-element_type=\"column\" data-settings=\"{&quot;background_background&quot;:&quot;classic&quot;}\">\n\t\t\t<div class=\"elementor-widget-wrap elementor-element-populated\">\n\t\t\t\t\t\t<div class=\"elementor-element elementor-element-2a96834 elementor-widget elementor-widget-iheading\" data-id=\"2a96834\" data-element_type=\"widget\" data-widget_type=\"iheading.default\">\n\t\t\t\t<div class=\"elementor-widget-container\">\n\t\t\t\t\t\t\t<div class=\"ot-heading\">\n\t        \t        <h2 class=\"main-heading\">Contacs<\/h2>\t    <\/div>\n\t    \t\t\t\t<\/div>\n\t\t\t\t<\/div>\n\t\t<div class=\"elementor-element elementor-element-80d7392 e-grid e-con-boxed e-con e-parent\" data-id=\"80d7392\" data-element_type=\"container\">\n\t\t\t\t\t<div class=\"e-con-inner\">\n\t\t\t\t<div class=\"elementor-element elementor-element-d0666b0 elementor-widget elementor-widget-icontact_info\" data-id=\"d0666b0\" data-element_type=\"widget\" data-widget_type=\"icontact_info.default\">\n\t\t\t\t<div class=\"elementor-widget-container\">\n\t\t\t\t\t\t    \t<div class=\"contact-info\">\n\t\t        \t\t\t    \n\t\t\t    \t\t        <i class=\"ot-flaticon-place\"><\/i>\n\t\t        <div class=\"info-text\">\n\t\t        \t<h6>Address<\/h6>\t\t        \t<p>R\u00fczgarl\u0131bah\u00e7e Mah. <br>\u015eehit Sinan Eroglu Cad. No.6 <br>Akel Is Merkezi, B Blok, Kat.6 <br>34805 <br>Beykoz - \u0130STANBUL<\/p>\t\t        <\/div>\n\t\t    <\/div>\n\t    \t\t\t\t<\/div>\n\t\t\t\t<\/div>\n\t\t\t\t<div class=\"elementor-element elementor-element-32e7d05 elementor-widget elementor-widget-icontact_info\" data-id=\"32e7d05\" data-element_type=\"widget\" data-widget_type=\"icontact_info.default\">\n\t\t\t\t<div class=\"elementor-widget-container\">\n\t\t\t\t\t\t    \t<div class=\"contact-info\">\n\t\t        \t\t\t    \n\t\t\t    \t\t        <i class=\"ot-flaticon-mail\"><\/i>\n\t\t        <div class=\"info-text\">\n\t\t        \t<h6>E-Mail<\/h6>\t\t        \t<p><a href=\"mailto:info@dualteknikyapi.com\">info@dualteknikyapi.com<\/a><\/p>\t\t        <\/div>\n\t\t    <\/div>\n\t    \t\t\t\t<\/div>\n\t\t\t\t<\/div>\n\t\t\t\t<div class=\"elementor-element elementor-element-cc99d1d elementor-widget elementor-widget-icontact_info\" data-id=\"cc99d1d\" data-element_type=\"widget\" data-widget_type=\"icontact_info.default\">\n\t\t\t\t<div class=\"elementor-widget-container\">\n\t\t\t\t\t\t    \t<div class=\"contact-info\">\n\t\t        \t\t        \t<svg aria-hidden=\"true\" class=\"e-font-icon-svg e-fas-phone-volume\" viewbox=\"0 0 384 512\" xmlns=\"http:\/\/www.w3.org\/2000\/svg\"><path d=\"M97.333 506.966c-129.874-129.874-129.681-340.252 0-469.933 5.698-5.698 14.527-6.632 21.263-2.422l64.817 40.513a17.187 17.187 0 0 1 6.849 20.958l-32.408 81.021a17.188 17.188 0 0 1-17.669 10.719l-55.81-5.58c-21.051 58.261-20.612 122.471 0 179.515l55.811-5.581a17.188 17.188 0 0 1 17.669 10.719l32.408 81.022a17.188 17.188 0 0 1-6.849 20.958l-64.817 40.513a17.19 17.19 0 0 1-21.264-2.422zM247.126 95.473c11.832 20.047 11.832 45.008 0 65.055-3.95 6.693-13.108 7.959-18.718 2.581l-5.975-5.726c-3.911-3.748-4.793-9.622-2.261-14.41a32.063 32.063 0 0 0 0-29.945c-2.533-4.788-1.65-10.662 2.261-14.41l5.975-5.726c5.61-5.378 14.768-4.112 18.718 2.581zm91.787-91.187c60.14 71.604 60.092 175.882 0 247.428-4.474 5.327-12.53 5.746-17.552.933l-5.798-5.557c-4.56-4.371-4.977-11.529-.93-16.379 49.687-59.538 49.646-145.933 0-205.422-4.047-4.85-3.631-12.008.93-16.379l5.798-5.557c5.022-4.813 13.078-4.394 17.552.933zm-45.972 44.941c36.05 46.322 36.108 111.149 0 157.546-4.39 5.641-12.697 6.251-17.856 1.304l-5.818-5.579c-4.4-4.219-4.998-11.095-1.285-15.931 26.536-34.564 26.534-82.572 0-117.134-3.713-4.836-3.115-11.711 1.285-15.931l5.818-5.579c5.159-4.947 13.466-4.337 17.856 1.304z\"><\/path><\/svg>\t\t        \t\t\t    \n\t\t\t    \t\t        \n\t\t        <div class=\"info-text\">\n\t\t        \t<h6>Phone<\/h6>\t\t        \t<p><a href=\"tel:+905321782000\">+ 90 532 178 20 00<\/a><br>\n<a href=\"tel:+905343695459\">+ 90 534 369 54 59<\/a><\/p>\t\t        <\/div>\n\t\t    <\/div>\n\t    \t\t\t\t<\/div>\n\t\t\t\t<\/div>\n\t\t\t\t\t<\/div>\n\t\t\t\t<\/div>\n\t\t\t\t\t<\/div>\n\t\t<\/div>\n\t\t\t\t\t<\/div>\n\t\t<\/section>\n\t\t\t\t<section class=\"elementor-section elementor-top-section elementor-element elementor-element-315cc86 elementor-section-full_width elementor-section-height-default elementor-section-height-default\" data-id=\"315cc86\" data-element_type=\"section\">\n\t\t\t\t\t\t<div class=\"elementor-container elementor-column-gap-default\">\n\t\t\t\t\t<div class=\"elementor-column elementor-col-100 elementor-top-column elementor-element elementor-element-55f6778 ot-flex-column-vertical\" data-id=\"55f6778\" data-element_type=\"column\">\n\t\t\t<div class=\"elementor-widget-wrap elementor-element-populated\">\n\t\t\t\t\t\t<div class=\"elementor-element elementor-element-0054bcc elementor-widget elementor-widget-google_maps\" data-id=\"0054bcc\" data-element_type=\"widget\" data-widget_type=\"google_maps.default\">\n\t\t\t\t<div class=\"elementor-widget-container\">\n\t\t\t\t\t\t\t<div class=\"elementor-custom-embed\">\n\t\t\t<iframe loading=\"lazy\"\n\t\t\t\t\tsrc=\"https:\/\/maps.google.com\/maps?q=R%C3%BCzgarl%C4%B1bah%C3%A7e%2C%20Kavak%20Sok.%2C%2034805%20Beykoz%2F%C4%B0stanbul&#038;t=m&#038;z=18&#038;output=embed&#038;iwloc=near\"\n\t\t\t\t\ttitle=\"R\u00fczgarl\u0131bah\u00e7e, Kavak Sok., 34805 Beykoz\/\u0130stanbul\"\n\t\t\t\t\taria-label=\"R\u00fczgarl\u0131bah\u00e7e, Kavak Sok., 34805 Beykoz\/\u0130stanbul\"\n\t\t\t><\/iframe>\n\t\t<\/div>\n\t\t\t\t\t\t<\/div>\n\t\t\t\t<\/div>\n\t\t\t\t\t<\/div>\n\t\t<\/div>\n\t\t\t\t\t<\/div>\n\t\t<\/section>\n\t\t\t\t<\/div>","protected":false},"excerpt":{"rendered":"<p>Kurumsal \u00a0 \u00a0 \u00a0Dual Yap\u0131, k\u00f6kl\u00fc bir ge\u00e7mi\u015ften gelen tecr\u00fcbesiyle, modern in\u015faat anlay\u0131\u015f\u0131n\u0131 birle\u015ftiren bir m\u00fcteahhitlik firmas\u0131d\u0131r. Kurucular\u0131m\u0131z, 1934 y\u0131l\u0131ndan bu yana taahh\u00fct ve in\u015faat alan\u0131nda faaliyet g\u00f6steren bir ailenin \u00fc\u00e7\u00fcnc\u00fc nesil temsilcileri olarak, sekt\u00f6rdeki bir asra yakla\u015fan bilgi birikimini ,deneyimi ve k\u00fclt\u00fcr\u00fc gelece\u011fe ta\u015f\u0131may\u0131 hedefliyoruz. \u00a0 \u00a0 \u00a0T\u00fcrkiye\u2019nin ba\u015fl\u0131ca konut, altyap\u0131 ve \u00fcstyap\u0131 ihtiya\u00e7lar\u0131na [&hellip;]<\/p>","protected":false},"author":1,"featured_media":0,"parent":0,"menu_order":0,"comment_status":"closed","ping_status":"closed","template":"","meta":{"footnotes":""},"class_list":["post-3890","page","type-page","status-publish","hentry"],"_links":{"self":[{"href":"https:\/\/dualteknikyapi.com\/en\/wp-json\/wp\/v2\/pages\/3890","targetHints":{"allow":["GET"]}}],"collection":[{"href":"https:\/\/dualteknikyapi.com\/en\/wp-json\/wp\/v2\/pages"}],"about":[{"href":"https:\/\/dualteknikyapi.com\/en\/wp-json\/wp\/v2\/types\/page"}],"author":[{"embeddable":true,"href":"https:\/\/dualteknikyapi.com\/en\/wp-json\/wp\/v2\/users\/1"}],"replies":[{"embeddable":true,"href":"https:\/\/dualteknikyapi.com\/en\/wp-json\/wp\/v2\/comments?post=3890"}],"version-history":[{"count":177,"href":"https:\/\/dualteknikyapi.com\/en\/wp-json\/wp\/v2\/pages\/3890\/revisions"}],"predecessor-version":[{"id":4421,"href":"https:\/\/dualteknikyapi.com\/en\/wp-json\/wp\/v2\/pages\/3890\/revisions\/4421"}],"wp:attachment":[{"href":"https:\/\/dualteknikyapi.com\/en\/wp-json\/wp\/v2\/media?parent=3890"}],"curies":[{"name":"wp","href":"https:\/\/api.w.org\/{rel}","templated":true}]}}